{"id":470,"date":"2017-05-16T14:00:57","date_gmt":"2017-05-16T14:00:57","guid":{"rendered":"http:\/\/www.albingasi.com\/lejla\/?page_id=470"},"modified":"2017-06-08T16:56:59","modified_gmt":"2017-06-08T16:56:59","slug":"branislav-stambolija","status":"publish","type":"page","link":"http:\/\/stambolija-health.com\/de\/tim\/branislav-stambolija\/","title":{"rendered":"Branislav Stambolija"},"content":{"rendered":"<p><img decoding=\"async\" loading=\"lazy\" class=\"alignnone size-medium wp-image-498\" src=\"http:\/\/stambolija-health.com\/wp-content\/uploads\/2015\/05\/1-Brane-249x300.jpg\" alt=\"\" width=\"249\" height=\"300\" srcset=\"http:\/\/stambolija-health.com\/wp-content\/uploads\/2015\/05\/1-Brane-249x300.jpg 249w, http:\/\/stambolija-health.com\/wp-content\/uploads\/2015\/05\/1-Brane-768x924.jpg 768w, http:\/\/stambolija-health.com\/wp-content\/uploads\/2015\/05\/1-Brane-851x1024.jpg 851w, http:\/\/stambolija-health.com\/wp-content\/uploads\/2015\/05\/1-Brane-600x722.jpg 600w\" sizes=\"(max-width: 249px) 100vw, 249px\" \/><\/p>\n<p>Unser Therapeut Branislav Stambolija (Baccalaureat) ist mit mehr als einem Jahrzehnt Ar-beitserfahrung auf die physikalische Therapie spezialisiert. Er genie\u00dft eine bisher immer fort\u00acw\u00e4hrende Aus- und Weiterbildung der spezifischen Methoden einer zeitgem\u00e4\u00dfen Physiothera\u00acpie. Das Studium zum Physiotherapeuten hat er in Rijeka abgeschlossen und absolviert mo\u00acmentan ein vertiefendes Studium der Physiotherapie.<br \/>\n&#8211; Diploma \u2013 Master of Chiropractic<br \/>\n&#8211; Certificate in Orthopaedic Medicine \u2013 Modern Orthopaedic Medicine Module A, Highlights Extremities<br \/>\n&#8211; Certificate in Orthopaedic Medicine \u2013 Modern Orthopaedic Medicine Module B, Lumbar spine and SI joint<br \/>\n&#8211; Certificate in Orthopaedic Medicine \u2013 Modern Orthopaedic Medicine Module C, Cervical and thoracic Spine<br \/>\n&#8211; Certificate in Orthopaedic Medicine \u2013 Modern Orthopaedic Medicine Module D, Advanced Upper Extremity<br \/>\n&#8211; Certificate \u2013 Structural Osteopathy and Soft Chiropractic<br \/>\n&#8211; Certification \u2013 Structural osteopathy and soft chiropractic<br \/>\n&#8211; Cerification \u2013 Specific Chiropractic diagnosis and technique<br \/>\n&#8211; Neuro Muscular Taping sport trauma<br \/>\n&#8211; Neuro Muscular Taping 1\u00b0 Stage<br \/>\n&#8211; Neuro Muscular Taping 2\u00b0 Stage<br \/>\n&#8211; Trigger point \u2013 prim\u00e4r<br \/>\n&#8211; Orthop\u00e4dische Medizin und manuelle Therapie<br \/>\n<\/p>","protected":false},"excerpt":{"rendered":"<p>Unser Therapeut Branislav Stambolija (Baccalaureat) ist mit mehr als einem Jahrzehnt Ar-beitserfahrung auf die physikalische Therapie spezialisiert. Er genie\u00dft eine bisher immer fort\u00acw\u00e4hrende Aus- und Weiterbildung der spezifischen Methoden einer zeitgem\u00e4\u00dfen Physiothera\u00acpie. Das Studium zum Physiotherapeuten hat er in Rijeka abgeschlossen und absolviert mo\u00acmentan ein vertiefendes Studium der Physiotherapie. &#8211; Diploma \u2013 Master of Chiropractic [&hellip;]<\/p>\n","protected":false},"author":1,"featured_media":0,"parent":467,"menu_order":0,"comment_status":"closed","ping_status":"closed","template":"","meta":{"footnotes":""},"_links":{"self":[{"href":"http:\/\/stambolija-health.com\/de\/wp-json\/wp\/v2\/pages\/470"}],"collection":[{"href":"http:\/\/stambolija-health.com\/de\/wp-json\/wp\/v2\/pages"}],"about":[{"href":"http:\/\/stambolija-health.com\/de\/wp-json\/wp\/v2\/types\/page"}],"author":[{"embeddable":true,"href":"http:\/\/stambolija-health.com\/de\/wp-json\/wp\/v2\/users\/1"}],"replies":[{"embeddable":true,"href":"http:\/\/stambolija-health.com\/de\/wp-json\/wp\/v2\/comments?post=470"}],"version-history":[{"count":1,"href":"http:\/\/stambolija-health.com\/de\/wp-json\/wp\/v2\/pages\/470\/revisions"}],"predecessor-version":[{"id":664,"href":"http:\/\/stambolija-health.com\/de\/wp-json\/wp\/v2\/pages\/470\/revisions\/664"}],"up":[{"embeddable":true,"href":"http:\/\/stambolija-health.com\/de\/wp-json\/wp\/v2\/pages\/467"}],"wp:attachment":[{"href":"http:\/\/stambolija-health.com\/de\/wp-json\/wp\/v2\/media?parent=470"}],"curies":[{"name":"wp","href":"https:\/\/api.w.org\/{rel}","templated":true}]}}